{"id":5632652,"date":"2023-09-26T11:37:17","date_gmt":"2023-09-26T09:37:17","guid":{"rendered":"https:\/\/www.acegroup.agency\/privacycharter\/"},"modified":"2023-09-26T11:37:17","modified_gmt":"2023-09-26T09:37:17","slug":"privacycharter","status":"publish","type":"page","link":"https:\/\/megabyteapplications.be\/nl\/privacycharter\/","title":{"rendered":"Privacycharter"},"content":{"rendered":"\t\t<div data-elementor-type=\"wp-page\" data-elementor-id=\"5632652\" class=\"elementor elementor-5632652 elementor-5221490\" data-elementor-post-type=\"page\">\n\t\t\t\t\t\t<section class=\"elementor-section elementor-top-section elementor-element elementor-element-13e2223b elementor-section-boxed elementor-section-height-default elementor-section-height-default\" data-id=\"13e2223b\" data-element_type=\"section\" data-e-type=\"section\">\n\t\t\t\t\t\t<div class=\"elementor-container elementor-column-gap-default\">\n\t\t\t\t\t<div class=\"elementor-column elementor-col-100 elementor-top-column elementor-element elementor-element-792b2ba8\" data-id=\"792b2ba8\" data-element_type=\"column\" data-e-type=\"column\">\n\t\t\t<div class=\"elementor-widget-wrap elementor-element-populated\">\n\t\t\t\t\t\t<div class=\"elementor-element elementor-element-1d5d2dda elementor-widget elementor-widget-text-editor\" data-id=\"1d5d2dda\" data-element_type=\"widget\" data-e-type=\"widget\" data-widget_type=\"text-editor.default\">\n\t\t\t\t<div class=\"elementor-widget-container\">\n\t\t\t\t\t\t\t\t\t<ol><li><strong>Pourquoi cette charte vie priv\u00e9e\u00a0?<\/strong><\/li><\/ol><p>Megabyte Applications SRL accorde beaucoup d\u2019importance \u00e0 la protection de votre vie priv\u00e9e et de vos donn\u00e9es personnelles. Nous collectons et traitons vos donn\u00e9es personnelles conform\u00e9ment aux dispositions l\u00e9gales applicables en la mati\u00e8re, \u00e0 savoir la Loi du 8 d\u00e9cembre 1992 relative \u00e0 la protection de la vie priv\u00e9e \u00e0 l\u2019\u00e9gard des traitements de donn\u00e9es \u00e0 caract\u00e8re personnel (\u00ab\u00a0Loi vie priv\u00e9e\u00a0\u00bb) et le R\u00e8glement europ\u00e9en du 27 avril 2016 relatif \u00e0 la protection des personnes physiques \u00e0 l\u2019\u00e9gard du traitement des donn\u00e9es \u00e0 caract\u00e8re personnel et \u00e0 la libre circulation de ces donn\u00e9es (\u00ab\u00a0R\u00e8glement\u00a0\u00bb).<\/p><p>Nous souhaitons vous informer des \u00e9ventuelles op\u00e9rations de traitement de vos donn\u00e9es personnelles et de vos droits \u00e0 cet \u00e9gard.<\/p><p>En utilisant notre site, vous acceptez express\u00e9ment la collecte et le traitement de vos donn\u00e9es personnelles par la soci\u00e9t\u00e9 ACE COMPUTER SPRL de la mani\u00e8re d\u00e9crite dans ce document. Ces informations seront trait\u00e9es conform\u00e9ment aux dispositions l\u00e9gales pertinentes relatives \u00e0 la protection des donn\u00e9es et pourront initialement \u00eatre stock\u00e9es et trait\u00e9es \u00e0 l\u2019int\u00e9rieur ou \u00e0 l\u2019ext\u00e9rieur de l\u2019Union europ\u00e9enne, partout dans le monde. Elles ne seront utilis\u00e9es que dans le cadre de la commercialisation de produits et services Ace Computer SPRL et de ses produits\/services connexes.<\/p><p>Nous nous r\u00e9servons \u00e9galement le droit d\u2019apporter \u00e0 tout moment des modifications \u00e0 notre Charte vie priv\u00e9e. Toute modification substantielle sera toujours communiqu\u00e9e clairement sur notre site. Nous vous conseillons n\u00e9anmoins de consulter r\u00e9guli\u00e8rement ce document\u2026<\/p><ol start=\"2\"><li><strong>Qui traite vos donn\u00e9es personnelles\u00a0?<\/strong><\/li><\/ol><p>Megabyte Applications SRL est responsable des sites relatifs \u00e0 ses diff\u00e9rents d\u00e9partements &amp; activit\u00e9s\u00a0:<\/p><ul><li><a href=\"https:\/\/www.megabyte.be\/\">megabyte.be<\/a><\/li><li><a href=\"https:\/\/megabyteapplications.be\/\">acecomputer.be<\/a><\/li><li><a href=\"https:\/\/megabyteapplications.be\/\">acegroup.agency<\/a><\/li><li><a href=\"http:\/\/www.follow-us.eu\/\">follow-us.eu<\/a><\/li><li><a href=\"http:\/\/www.legabox.be\/\">legabox.be<\/a><\/li><li><a href=\"http:\/\/www.fiducorner.be\/\">fiducorner.be<\/a><\/li><li><a href=\"https:\/\/www.cms.be\/\">cms.be<\/a><\/li><li><a href=\"https:\/\/www.road2result.be\/\">road2result.be<\/a><\/li><li><a href=\"https:\/\/www.saphico.be\/fr\/\">saphico.be<\/a><\/li><\/ul><p><u>Informations de contact\u00a0:<\/u><\/p><p>MEGABYTE APPLICATIONS SRL<\/p><p>Luchthavenlaan 25a<\/p><p>1800 Vilvoorde<\/p><p>N\u00b0 TVA : BE0864.357.694<\/p><p>E-mail: <a href=\"mailto:infomba@megabyte.be\">infomba@megabyte.be<\/a>\u00a0 &#8211; T\u00e9l\u00e9phone: (+32) 02\/610 26 92<\/p><p>Par ailleurs, il arrive que nous devions engager des soci\u00e9t\u00e9s externes pour nous aider \u00e0 assurer certains services. Dans certains cas, nous devons partager vos donn\u00e9es avec ces sous-traitants, afin qu\u2019ils puissent ex\u00e9cuter ces services pour Megabyte Applications SRL et donc in fine pour vous\u2026<\/p><p>Lors de la sous-traitance d\u2019un service donn\u00e9, nous vous donnerons, dans la mesure du possible, un maximum d\u2019informations sur l\u2019entreprise \u00e0 qui nous transmettons vos informations. \u00c0 cet effet, Megabyte Applications SRL s\u00e9lectionne m\u00e9ticuleusement des tiers sur base d\u2019un accord de confidentialit\u00e9 pr\u00e9alable avec le sous-traitant.<\/p><p>Nous limitons notamment les donn\u00e9es que nous partageons avec ces tiers \u00e0 des fins de traitement limit\u00e9, selon les besoins li\u00e9s au service sous-trait\u00e9. Ceux-ci sont strictement contr\u00f4l\u00e9s par Megabyte Applications SRL pour assurer la protection de votre vie priv\u00e9e. Ces entreprises ne peuvent ainsi jamais utiliser ou transmettre vos donn\u00e9es librement !<\/p><p>Nous ferons tous les efforts possibles pour respecter vos souhaits. Toutefois, certaines l\u00e9gislations, notamment celles relatives aux questions de s\u00e9curit\u00e9 ou aux r\u00e8glements financiers (p. ex. dans le cadre de transactions avec les services financiers de Megabyte Applications SRL) peuvent nous en emp\u00eacher. Nous sommes en effet parfois contraints de communiquer vos donn\u00e9es selon certaines lois, r\u00e8glements et\/ou jurisprudences.<\/p><ol start=\"3\"><li><strong>Quelles donn\u00e9es personnelles peuvent-\u00eatre collect\u00e9es ?<\/strong><\/li><\/ol><p>Le traitement de vos donn\u00e9es personnelles est limit\u00e9 au strict n\u00e9cessaire afin de d\u00e9finir des statistiques de navigation sur les diff\u00e9rents sites propos\u00e9s ci-dessus et \u00e0 des fins de service \u00e0 la client\u00e8le (li\u00e9 aux services propos\u00e9s par Megabyte Applications SRL). Nous pouvons ainsi vous proposer une offre et un service adapt\u00e9 \u00e0 vos centres d\u2019int\u00e9r\u00eats.<\/p><p>Ci-dessous, sont \u00e9num\u00e9r\u00e9s les cat\u00e9gories de donn\u00e9es concern\u00e9es par le traitement.<\/p><ul><li>Donn\u00e9es d\u2019identification<\/li><li>Centres d\u2019int\u00e9r\u00eats<\/li><li>Donn\u00e9es relatives \u00e0 l\u2019emploi, \u00e0 la fonction, \u00e0 la soci\u00e9t\u00e9 ou au nombre de collaborateurs<\/li><li>Donn\u00e9es anonymis\u00e9es via adresse IP<\/li><\/ul><p><strong>\u00a0<\/strong><\/p><p><strong>\u00a0<\/strong><\/p><ol start=\"4\"><li><strong>Quelles sont les finalit\u00e9s poursuivies ?<\/strong><\/li><\/ol><p>Megabyte Applications SRL recueille vos donn\u00e9es personnelles, en ayant pour seul objectif de vous fournir une exp\u00e9rience d\u2019utilisation du site optimale, personnalis\u00e9e et en toute s\u00e9curit\u00e9. La collecte de vos donn\u00e9es personnelles pourrait potentiellement s\u2019intensifier si une utilisation plus intensive de nos sites \u00e9tait effectu\u00e9e.<\/p><p>Le traitement de vos donn\u00e9es personnelles est d\u00e8s lors essentiel au bon fonctionnement de nos sites et \u00e0 la proposition de nos services. Megabyte Applications SRL s\u2019engage par cons\u00e9quent \u00e0 traiter vos donn\u00e9es personnelles exclusivement aux fins suivantes :<\/p><ul><li>Faciliter votre utilisation du site en ne vous demandant de saisir les informations qu\u2019une seule fois<\/li><li>Acc\u00e9l\u00e9rer l\u2019acc\u00e8s aux informations<\/li><li>Cr\u00e9er un contenu r\u00e9pondant mieux \u00e0 vos besoins<\/li><li>Vous aider \u00e0 trouver rapidement les services ou informations mis \u00e0 votre disposition par les sites de Megabyte Applications SRL<\/li><li>Utiliser les informations pour apporter des am\u00e9liorations au site<\/li><li>Vous permettre d\u2019avoir acc\u00e8s \u00e0 votre \u00ab\u00a0compte utilisateur\u00a0\u00bb<\/li><li>Assurer le traitement des commandes et la livraison des produits<\/li><li>Assurer le service apr\u00e8s-vente\u00a0&amp; le service technique<\/li><li>G\u00e9rer la relation contractuelle<\/li><li>Permettre la facturation et la gestion des comptes<\/li><li>Offrir \u00e0 l\u2019Utilisateur un service g\u00e9n\u00e9ral mais aussi personnalis\u00e9, incluant l\u2019envoi d\u2019information utile, de newsletters, la fourniture de soutien et le suivi des plaintes.<\/li><li>Am\u00e9liorer et personnaliser nos services et nos produits<\/li><li>D\u00e9tecter les fraudes, les erreurs et les comportements criminels.<\/li><li>Envoyer des newsletters et\/ou offres promotionnelles si vous y avez express\u00e9ment consenti (marketing direct, marketing automation). Dans ce cas, vous restez libre de retirer votre consentement \u00e0 tout moment en nous contactant par mail via <a href=\"mailto:infomba@megabyte.be\">infomba@megabyte.be<\/a> ou par t\u00e9l\u00e9phone au +32 (0)2\/610 26 92.<\/li><li>Afficher des renseignements sur des produits, offres et services refl\u00e9tant vos activit\u00e9s de navigation pr\u00e9c\u00e9dentes sur nos diff\u00e9rents sites via diff\u00e9rents canaux et leurs outils (site web, r\u00e9seaux sociaux de confiance).<\/li><li>\u00c9valuer les tendances g\u00e9n\u00e9rales au sein du site Web ainsi que son utilisation<\/li><li>Vous informer des nouveaux produits, des offres sp\u00e9ciales, des mises \u00e0 jour, des events et des autres nouveaux services qui, selon Megabyte Applications SRL, pourraient vous int\u00e9resser.<\/li><\/ul><p>Lors d\u2019une visite sur l\u2019un de nos sites internet, nous collectons certaines donn\u00e9es \u00e0 des fins statistiques. Ces donn\u00e9es nous permettent alors d\u2019am\u00e9liorer nos sites web afin d\u2019optimiser votre exp\u00e9rience d\u2019utilisation et mieux r\u00e9pondre \u00e0 vos attentes. Dans ce cas, les donn\u00e9es collect\u00e9es sont\u00a0: votre adresse IP, la zone g\u00e9ographique de consultation, jour &amp; heure de consultation, pages consult\u00e9es.<\/p><p>Les informations de navigation que nous collectons ne divulguent pas d\u2019informations pr\u00e9cises quant \u00e0 la personne qui acc\u00e8de au site. Les donn\u00e9es trait\u00e9es \u00e0 des fins d\u2019analyses et d\u2019am\u00e9lioration de navigation sur nos sites sont donc trait\u00e9es de mani\u00e8re anonyme\u00a0! En visitant notre site, vous acceptez d\u00e8s lors express\u00e9ment la collecte de ces donn\u00e9es \u00e0 des fins statistiques.<\/p><p>Sachez aussi que vous exercez \u00e0 tout moment un contr\u00f4le sur les donn\u00e9es que vous nous communiquez.<\/p><p>Vos donn\u00e9es personnelles sont destin\u00e9es \u00e0 \u00eatre utilis\u00e9es exclusivement \u00e0 des fins internes. Vos donn\u00e9es personnelles ne seront en aucun cas vendues, donn\u00e9es ou transmises \u00e0 des tiers, sauf consentement pr\u00e9alable de votre part. Megabyte Applications a pris les mesures techniques et organisationnelles n\u00e9cessaires pour \u00e9viter une violation des donn\u00e9es. Lorsque des donn\u00e9es sont incompl\u00e8tes ou erron\u00e9es, Megabyte Applications se r\u00e9serve le droit d\u2019interrompre ou de suspendre, de mani\u00e8re temporaire ou permanente, certaines op\u00e9rations.<\/p><ol start=\"5\"><li><strong>Nous utilisons aussi des cookies\u00a0!<\/strong><\/li><\/ol><p>Lors de votre visite sur notre site des cookies peuvent \u00eatre plac\u00e9s sur le disque dur de votre ordinateur. Nous utilisons des cookies pour offrir une exp\u00e9rience d\u2019utilisation optimale \u00e0 nos visiteurs r\u00e9guliers.<\/p><p>Megabyte Applications SRL ne recueillera pas d\u2019informations personnelles explicites r\u00e9utilisables vous concernant en utilisant des cookies. N\u00e9anmoins, en validant ou autorisant les cookies, vous consentez \u00e0 ce que Megabyte Applications SRL stocke des cookies sur votre navigateur. Veuillez noter que toute d\u00e9sactivation des cookies risque d\u2019affecter la fonctionnalit\u00e9 des sites web et votre exp\u00e9rience sur les sites Web de Megabyte Applications SRL.<\/p><p>Si vous visitez notre site, nous vous conseillons d\u2019activer vos cookies. Toutefois, vous restez libre de les d\u00e9sactiver via les param\u00e8tres de votre navigateur si vous souhaitez. Pour plus d\u2019informations sur l\u2019utilisation que nous faisons des cookies, nous vous invitons \u00e0 consulter notre\u00a0<a href=\"https:\/\/megabyteapplications.be\/politique-relative-aux-cookies\/\">Politique des cookies<\/a>.<\/p><ol start=\"6\"><li><strong>Quels sont mes droits\u00a0?<\/strong><\/li><\/ol><p><strong>6.1.\u00a0\u00a0Garantie d\u2019un traitement loyal et licite<\/strong><\/p><p>Vos donn\u00e9es personnelles sont toujours trait\u00e9es conform\u00e9ment aux fins l\u00e9gitimes explicit\u00e9es au point 4. Elles sont collect\u00e9es et trait\u00e9es de mani\u00e8re ad\u00e9quate, pertinente et non-excessive, et ne sont pas conserv\u00e9es plus longtemps que n\u00e9cessaire pour atteindre les finalit\u00e9s poursuivies.<\/p><p>Toutes les mesures techniques et s\u00e9curitaires ont \u00e9t\u00e9 prises pour limiter au maximum les risques d\u2019acc\u00e8s ou de traitement ill\u00e9gal ou non-autoris\u00e9 de vos donn\u00e9es personnelles. En cas d\u2019intrusion dans ses syst\u00e8mes informatiques, Megabyte Applications SRL prendra imm\u00e9diatement toutes les mesures n\u00e9cessaires pour r\u00e9duire les dommages \u00e0 leur minimum.<\/p><p><strong>6.2.\u00a0\u00a0Droit d\u2019acc\u00e8s<\/strong><\/p><p>Si vous \u00eates en mesure de prouver votre identit\u00e9, vous avez le droit d\u2019obtenir des informations sur le traitement de vos donn\u00e9es. Ainsi vous avez le droit de conna\u00eetre les finalit\u00e9s du traitement, les cat\u00e9gories de donn\u00e9es concern\u00e9es, les cat\u00e9gories de destinataires auxquels les donn\u00e9es sont transmises, les crit\u00e8res utilis\u00e9s pour d\u00e9terminer la dur\u00e9e de conservation des donn\u00e9es, et les droits que vous pouvez exercer sur vos donn\u00e9es.<\/p><p><strong>6.3.\u00a0\u00a0Droit de rectification<\/strong><\/p><p>Les donn\u00e9es personnelles inexactes ou incompl\u00e8tes peuvent \u00eatre corrig\u00e9es. Il incombe en premier lieu \u00e0 l\u2019Utilisateur d\u2019effectuer lui-m\u00eame les changements n\u00e9cessaires dans son \u00ab\u00a0compte utilisateur\u00a0\u00bb mais vous pouvez \u00e9galement nous en faire la demande \u00e9crite.<\/p><p><strong>6.4.\u00a0\u00a0Droit \u00e0 l\u2019effacement (ou \u00ab\u00a0droit \u00e0 l\u2019oubli\u00a0\u00bb)<\/strong><\/p><p>Vous avez en outre le droit d\u2019obtenir l\u2019effacement de vos donn\u00e9es personnelles dans les hypoth\u00e8ses suivantes\u00a0:<\/p><ul><li>Vos donn\u00e9es personnelles ne sont plus n\u00e9cessaires au regard des finalit\u00e9s\u00a0;<\/li><li>Vous retirez votre consentement au traitement et il n\u2019existe pas d\u2019autre fondement l\u00e9gal au traitement\u00a0;<\/li><li>Vous avez valablement exerc\u00e9 votre droit d\u2019opposition\u00a0;<\/li><li>Vos donn\u00e9es ont fait l\u2019objet d\u2019un traitement ill\u00e9gal\u00a0;<\/li><li>Vos donn\u00e9es doivent \u00eatre supprim\u00e9es pour respecter une obligation l\u00e9gale.<\/li><\/ul><p>Megabyte Applications SRL d\u00e9cide de son propre chef de la pr\u00e9sence des crit\u00e8res repris ci-dessus.<\/p><p><strong>6.5.\u00a0\u00a0Droit \u00e0 la limitation du traitement<\/strong><\/p><p>Dans certaines hypoth\u00e8ses, vous avez le droit de demander la limitation du traitement de vos donn\u00e9es personnelles, notamment en cas de contestation quant \u00e0 l\u2019exactitude des donn\u00e9es, si vos donn\u00e9es ont \u00e9t\u00e9 trait\u00e9es ill\u00e9galement, si les donn\u00e9es sont n\u00e9cessaires dans le cadre d\u2019une proc\u00e9dure judiciaire ou le temps n\u00e9cessaire \u00e0 Megabyte Applications pour v\u00e9rifier que vous pouvez valablement exercer votre droit \u00e0 l\u2019effacement.<\/p><p><strong>6.6.\u00a0\u00a0Droit d\u2019opposition<\/strong><\/p><p>Vous avez en outre le droit de vous opposer \u00e0 tout moment au traitement de vos donn\u00e9es personnelles. La soci\u00e9t\u00e9 Megabyte Applications SRL cessera le traitement de vos donn\u00e9es personnelles, \u00e0 moins qu\u2019elle ne parvienne \u00e0 d\u00e9montrer qu\u2019il existe des motifs l\u00e9gitimes imp\u00e9rieux en faveur du traitement qui pr\u00e9valent sur votre droit d\u2019opposition.<\/p><p><strong>6.7.\u00a0\u00a0Droit \u00e0 la portabilit\u00e9 des donn\u00e9es<\/strong><\/p><p>Vous avez le droit d\u2019obtenir toutes les donn\u00e9es personnelles que vous nous avez fournies dans un format structur\u00e9, couramment utilis\u00e9 et lisible par machine. A votre demande, ces donn\u00e9es peuvent \u00eatre transf\u00e9r\u00e9es \u00e0 un autre prestataire, \u00e0 moins que cela soit techniquement impossible.<\/p><p><strong>6.8.\u00a0\u00a0Droit du retrait de votre consentement<\/strong><\/p><p>Vous pouvez retirer \u00e0 tout moment votre consentement au traitement de vos donn\u00e9es personnelles. Le retrait de votre consentement n\u2019entache pas la validit\u00e9 des op\u00e9rations de traitement ant\u00e9rieures au retrait.<\/p><ol start=\"7\"><li><strong>Comment exercer mes droits\u00a0?<\/strong><\/li><\/ol><p>Pour exercer vos droits, vous devez nous envoyer une demande par courrier recommand\u00e9 \u00e0 MEGABYTE APPLICATIONS SRL \u2013 Luchthavenlaan, 25a \u2013 1800 Vilvoorde ou par mail \u00e0 <a href=\"mailto:infomba@megabyte.be\">infomba@megabyte.be<\/a>. Nous y r\u00e9pondrons dans les meilleurs d\u00e9lais, et au plus tard un mois apr\u00e8s r\u00e9ception de la demande.<\/p>\t\t\t\t\t\t\t\t<\/div>\n\t\t\t\t<\/div>\n\t\t\t\t\t<\/div>\n\t\t<\/div>\n\t\t\t\t\t<\/div>\n\t\t<\/section>\n\t\t\t\t<\/div>\n\t\t","protected":false},"excerpt":{"rendered":"","protected":false},"author":7,"featured_media":0,"parent":0,"menu_order":0,"comment_status":"closed","ping_status":"closed","template":"","meta":{"_acf_changed":false,"footnotes":""},"class_list":["post-5632652","page","type-page","status-publish","hentry"],"acf":[],"yoast_head":"<!-- This site is optimized with the Yoast SEO plugin v27.5 - https:\/\/yoast.com\/product\/yoast-seo-wordpress\/ -->\n<title>Privacycharter - Megabyte Applications<\/title>\n<meta name=\"robots\" content=\"index, follow, max-snippet:-1, max-image-preview:large, max-video-preview:-1\" \/>\n<link rel=\"canonical\" href=\"https:\/\/megabyteapplications.be\/nl\/privacycharter\/\" \/>\n<meta property=\"og:locale\" content=\"nl_NL\" \/>\n<meta property=\"og:type\" content=\"article\" \/>\n<meta property=\"og:title\" content=\"Privacycharter - Megabyte Applications\" \/>\n<meta property=\"og:url\" content=\"https:\/\/megabyteapplications.be\/nl\/privacycharter\/\" \/>\n<meta property=\"og:site_name\" content=\"Megabyte Applications\" \/>\n<meta property=\"og:image\" content=\"https:\/\/megabyteapplications.be\/wp-content\/uploads\/2018\/09\/banner-ace-produit-de-gestion.jpg\" \/>\n\t<meta property=\"og:image:width\" content=\"2560\" \/>\n\t<meta property=\"og:image:height\" content=\"633\" \/>\n\t<meta property=\"og:image:type\" content=\"image\/jpeg\" \/>\n<meta name=\"twitter:card\" content=\"summary_large_image\" \/>\n<script type=\"application\/ld+json\" class=\"yoast-schema-graph\">{\"@context\":\"https:\\\/\\\/schema.org\",\"@graph\":[{\"@type\":\"WebPage\",\"@id\":\"https:\\\/\\\/megabyteapplications.be\\\/nl\\\/privacycharter\\\/\",\"url\":\"https:\\\/\\\/megabyteapplications.be\\\/nl\\\/privacycharter\\\/\",\"name\":\"Privacycharter - Megabyte Applications\",\"isPartOf\":{\"@id\":\"https:\\\/\\\/megabyteapplications.be\\\/nl\\\/#website\"},\"datePublished\":\"2023-09-26T09:37:17+00:00\",\"breadcrumb\":{\"@id\":\"https:\\\/\\\/megabyteapplications.be\\\/nl\\\/privacycharter\\\/#breadcrumb\"},\"inLanguage\":\"nl-NL\",\"potentialAction\":[{\"@type\":\"ReadAction\",\"target\":[\"https:\\\/\\\/megabyteapplications.be\\\/nl\\\/privacycharter\\\/\"]}]},{\"@type\":\"BreadcrumbList\",\"@id\":\"https:\\\/\\\/megabyteapplications.be\\\/nl\\\/privacycharter\\\/#breadcrumb\",\"itemListElement\":[{\"@type\":\"ListItem\",\"position\":1,\"name\":\"Home\",\"item\":\"https:\\\/\\\/megabyteapplications.be\\\/nl\\\/\"},{\"@type\":\"ListItem\",\"position\":2,\"name\":\"Privacycharter\"}]},{\"@type\":\"WebSite\",\"@id\":\"https:\\\/\\\/megabyteapplications.be\\\/nl\\\/#website\",\"url\":\"https:\\\/\\\/megabyteapplications.be\\\/nl\\\/\",\"name\":\"Megabyte Applications\",\"description\":\"#1 Sage BOB Partner - Accounting, invoicing &amp; ERP\",\"publisher\":{\"@id\":\"https:\\\/\\\/megabyteapplications.be\\\/nl\\\/#organization\"},\"potentialAction\":[{\"@type\":\"SearchAction\",\"target\":{\"@type\":\"EntryPoint\",\"urlTemplate\":\"https:\\\/\\\/megabyteapplications.be\\\/nl\\\/?s={search_term_string}\"},\"query-input\":{\"@type\":\"PropertyValueSpecification\",\"valueRequired\":true,\"valueName\":\"search_term_string\"}}],\"inLanguage\":\"nl-NL\"},{\"@type\":\"Organization\",\"@id\":\"https:\\\/\\\/megabyteapplications.be\\\/nl\\\/#organization\",\"name\":\"Megabyte Applications\",\"url\":\"https:\\\/\\\/megabyteapplications.be\\\/nl\\\/\",\"logo\":{\"@type\":\"ImageObject\",\"inLanguage\":\"nl-NL\",\"@id\":\"https:\\\/\\\/megabyteapplications.be\\\/nl\\\/#\\\/schema\\\/logo\\\/image\\\/\",\"url\":\"https:\\\/\\\/megabyteapplications.be\\\/wp-content\\\/uploads\\\/2023\\\/09\\\/Logo-Megabyte-Applications-Horizontal-2.png\",\"contentUrl\":\"https:\\\/\\\/megabyteapplications.be\\\/wp-content\\\/uploads\\\/2023\\\/09\\\/Logo-Megabyte-Applications-Horizontal-2.png\",\"width\":1584,\"height\":680,\"caption\":\"Megabyte Applications\"},\"image\":{\"@id\":\"https:\\\/\\\/megabyteapplications.be\\\/nl\\\/#\\\/schema\\\/logo\\\/image\\\/\"}}]}<\/script>\n<!-- \/ Yoast SEO plugin. -->","yoast_head_json":{"title":"Privacycharter - Megabyte Applications","robots":{"index":"index","follow":"follow","max-snippet":"max-snippet:-1","max-image-preview":"max-image-preview:large","max-video-preview":"max-video-preview:-1"},"canonical":"https:\/\/megabyteapplications.be\/nl\/privacycharter\/","og_locale":"nl_NL","og_type":"article","og_title":"Privacycharter - Megabyte Applications","og_url":"https:\/\/megabyteapplications.be\/nl\/privacycharter\/","og_site_name":"Megabyte Applications","og_image":[{"width":2560,"height":633,"url":"https:\/\/megabyteapplications.be\/wp-content\/uploads\/2018\/09\/banner-ace-produit-de-gestion.jpg","type":"image\/jpeg"}],"twitter_card":"summary_large_image","schema":{"@context":"https:\/\/schema.org","@graph":[{"@type":"WebPage","@id":"https:\/\/megabyteapplications.be\/nl\/privacycharter\/","url":"https:\/\/megabyteapplications.be\/nl\/privacycharter\/","name":"Privacycharter - Megabyte Applications","isPartOf":{"@id":"https:\/\/megabyteapplications.be\/nl\/#website"},"datePublished":"2023-09-26T09:37:17+00:00","breadcrumb":{"@id":"https:\/\/megabyteapplications.be\/nl\/privacycharter\/#breadcrumb"},"inLanguage":"nl-NL","potentialAction":[{"@type":"ReadAction","target":["https:\/\/megabyteapplications.be\/nl\/privacycharter\/"]}]},{"@type":"BreadcrumbList","@id":"https:\/\/megabyteapplications.be\/nl\/privacycharter\/#breadcrumb","itemListElement":[{"@type":"ListItem","position":1,"name":"Home","item":"https:\/\/megabyteapplications.be\/nl\/"},{"@type":"ListItem","position":2,"name":"Privacycharter"}]},{"@type":"WebSite","@id":"https:\/\/megabyteapplications.be\/nl\/#website","url":"https:\/\/megabyteapplications.be\/nl\/","name":"Megabyte Applications","description":"#1 Sage BOB Partner - Accounting, invoicing &amp; ERP","publisher":{"@id":"https:\/\/megabyteapplications.be\/nl\/#organization"},"potentialAction":[{"@type":"SearchAction","target":{"@type":"EntryPoint","urlTemplate":"https:\/\/megabyteapplications.be\/nl\/?s={search_term_string}"},"query-input":{"@type":"PropertyValueSpecification","valueRequired":true,"valueName":"search_term_string"}}],"inLanguage":"nl-NL"},{"@type":"Organization","@id":"https:\/\/megabyteapplications.be\/nl\/#organization","name":"Megabyte Applications","url":"https:\/\/megabyteapplications.be\/nl\/","logo":{"@type":"ImageObject","inLanguage":"nl-NL","@id":"https:\/\/megabyteapplications.be\/nl\/#\/schema\/logo\/image\/","url":"https:\/\/megabyteapplications.be\/wp-content\/uploads\/2023\/09\/Logo-Megabyte-Applications-Horizontal-2.png","contentUrl":"https:\/\/megabyteapplications.be\/wp-content\/uploads\/2023\/09\/Logo-Megabyte-Applications-Horizontal-2.png","width":1584,"height":680,"caption":"Megabyte Applications"},"image":{"@id":"https:\/\/megabyteapplications.be\/nl\/#\/schema\/logo\/image\/"}}]}},"_links":{"self":[{"href":"https:\/\/megabyteapplications.be\/nl\/wp-json\/wp\/v2\/pages\/5632652","targetHints":{"allow":["GET"]}}],"collection":[{"href":"https:\/\/megabyteapplications.be\/nl\/wp-json\/wp\/v2\/pages"}],"about":[{"href":"https:\/\/megabyteapplications.be\/nl\/wp-json\/wp\/v2\/types\/page"}],"author":[{"embeddable":true,"href":"https:\/\/megabyteapplications.be\/nl\/wp-json\/wp\/v2\/users\/7"}],"replies":[{"embeddable":true,"href":"https:\/\/megabyteapplications.be\/nl\/wp-json\/wp\/v2\/comments?post=5632652"}],"version-history":[{"count":0,"href":"https:\/\/megabyteapplications.be\/nl\/wp-json\/wp\/v2\/pages\/5632652\/revisions"}],"wp:attachment":[{"href":"https:\/\/megabyteapplications.be\/nl\/wp-json\/wp\/v2\/media?parent=5632652"}],"curies":[{"name":"wp","href":"https:\/\/api.w.org\/{rel}","templated":true}]}}